{"id":5,"date":"2023-05-23T19:35:34","date_gmt":"2023-05-23T16:35:34","guid":{"rendered":"https:\/\/efortugla.com\/?page_id=5"},"modified":"2023-05-30T11:10:27","modified_gmt":"2023-05-30T08:10:27","slug":"iletisim","status":"publish","type":"page","link":"https:\/\/efortugla.com\/?page_id=5","title":{"rendered":"\u0130leti\u015fim"},"content":{"rendered":"\n<figure class=\"wp-block-gallery aligncenter has-nested-images columns-default is-cropped wp-block-gallery-1 is-layout-flex\"><div class=\"wp-block-image is-style-default\">\n<figure class=\"aligncenter size-thumbnail\"><a href=\"https:\/\/goo.gl\/maps\/yLGNzqdsJDfvPJoQA\" target=\"_blank\" rel=\"noreferrer noopener\"><img decoding=\"async\" loading=\"lazy\" width=\"150\" height=\"150\" data-id=\"60\"  src=\"https:\/\/efortugla.com\/wp-content\/uploads\/2023\/05\/google-maps-logo-0F4A5CD83B-seeklogo.com_-150x150.png\" alt=\"\" class=\"wp-image-60\"\/><\/a><\/figure><\/div><\/figure>\n\n\n\n<p class=\"has-text-align-center\">                     <\/p>\n\n\n\n<p><\/p>\n\n\n\n<p class=\"has-text-align-center\">   Barbaros mahallesi naip caddesi tu\u011fla fabrikas\u0131 no:40 S\u00fcleymanpa\u015fa \/ Tekirda\u011f<br><br>           <strong><mark style=\"background-color:rgba(0, 0, 0, 0)\" class=\"has-inline-color has-vivid-red-color\">Tel:<\/mark><\/strong>  <a href=\"tel:+90 (0282) 283 60 20\">+90 (0282) 283 60 20<\/a>         <strong><mark style=\"background-color:rgba(0, 0, 0, 0)\" class=\"has-inline-color has-vivid-red-color\">e-mail:<\/mark><\/strong>   <a href=\"mailto:efor@efortugla.com\">efor@efortugla.com<\/a><\/p>\n\n\n\n<p><\/p>\n\n\n\n<p><\/p>\n\n\n\n<p><\/p>\n\n\n\n<p><\/p>\n\n\n\n<p><\/p>\n\n\n\n<p><\/p>\n\n\n\n<p><\/p>\n\n\n\n<p><\/p>\n\n\n\n<p><\/p>\n\n\n\n<p><\/p>\n\n\n\n<p><\/p>\n\n\n\n<p class=\"has-text-align-center\"><br><\/p>\n\n\n\n<p><\/p>\n\n\n\n<p><\/p>\n\n\n\n<p><\/p>\n\n\n\n<p><\/p>\n\n\n\n<p><\/p>\n\n\n\n<p><\/p>\n\n\n\n<p><\/p>\n\n\n\n<p><\/p>\n\n\n\n<p><\/p>\n","protected":false},"excerpt":{"rendered":"<p>Barbaros mahallesi naip caddesi tu\u011fla fabrikas\u0131 no:40 S\u00fcleymanpa\u015fa \/ Tekirda\u011f Tel: +90 (0282) 283 60 20 e-mail: efor@efortugla.com<\/p>\n","protected":false},"author":1,"featured_media":0,"parent":4,"menu_order":0,"comment_status":"closed","ping_status":"closed","template":"","meta":[],"_links":{"self":[{"href":"https:\/\/efortugla.com\/index.php?rest_route=\/wp\/v2\/pages\/5"}],"collection":[{"href":"https:\/\/efortugla.com\/index.php?rest_route=\/wp\/v2\/pages"}],"about":[{"href":"https:\/\/efortugla.com\/index.php?rest_route=\/wp\/v2\/types\/page"}],"author":[{"embeddable":true,"href":"https:\/\/efortugla.com\/index.php?rest_route=\/wp\/v2\/users\/1"}],"replies":[{"embeddable":true,"href":"https:\/\/efortugla.com\/index.php?rest_route=%2Fwp%2Fv2%2Fcomments&post=5"}],"version-history":[{"count":29,"href":"https:\/\/efortugla.com\/index.php?rest_route=\/wp\/v2\/pages\/5\/revisions"}],"predecessor-version":[{"id":144,"href":"https:\/\/efortugla.com\/index.php?rest_route=\/wp\/v2\/pages\/5\/revisions\/144"}],"up":[{"embeddable":true,"href":"https:\/\/efortugla.com\/index.php?rest_route=\/wp\/v2\/pages\/4"}],"wp:attachment":[{"href":"https:\/\/efortugla.com\/index.php?rest_route=%2Fwp%2Fv2%2Fmedia&parent=5"}],"curies":[{"name":"wp","href":"https:\/\/api.w.org\/{rel}","templated":true}]}}